{"id":335,"date":"2020-04-28T12:44:24","date_gmt":"2020-04-28T12:44:24","guid":{"rendered":"https:\/\/yeloprint.hu\/dev\/?page_id=335"},"modified":"2020-05-04T09:28:54","modified_gmt":"2020-05-04T09:28:54","slug":"tekercses-kivitel","status":"publish","type":"page","link":"https:\/\/yeloprint.hu\/dev\/?page_id=335","title":{"rendered":"Tekercses kivitel"},"content":{"rendered":"\t\t<div data-elementor-type=\"wp-post\" data-elementor-id=\"335\" class=\"elementor elementor-335\" data-elementor-post-type=\"page\">\n\t\t\t\t\t\t<section class=\"elementor-section elementor-top-section elementor-element elementor-element-b05e0c9 elementor-section-boxed elementor-section-height-default elementor-section-height-default\" data-id=\"b05e0c9\" data-element_type=\"section\" data-e-type=\"section\">\n\t\t\t\t\t\t<div class=\"elementor-container elementor-column-gap-default\">\n\t\t\t\t\t<div class=\"elementor-column elementor-col-100 elementor-top-column elementor-element elementor-element-1257cbd\" data-id=\"1257cbd\" data-element_type=\"column\" data-e-type=\"column\">\n\t\t\t<div class=\"elementor-widget-wrap elementor-element-populated\">\n\t\t\t\t\t\t<div class=\"elementor-element elementor-element-89f0acf elementor-widget elementor-widget-text-editor\" data-id=\"89f0acf\" data-element_type=\"widget\" data-e-type=\"widget\" data-widget_type=\"text-editor.default\">\n\t\t\t\t<div class=\"elementor-widget-container\">\n\t\t\t\t\t\t\t\t\t<p>03 Tekercses kivitelez\u00e9s<\/p><p><br><\/p><p>info@yeloprint.hu<\/p><p><span class=\"Apple-tab-span\" style=\"white-space:pre\">\t\t\t\t\t\t\t<\/span>+36-94\/505-990&nbsp;<\/p><p><br><\/p><p><br><\/p><p><br><\/p><p><br><\/p><p>\u00daj, korszer\u0171 nyom\u00f3g\u00e9peinkkel gyorsan, nagyon j\u00f3 min\u0151s\u00e9gben \u00e9s k\u00f6lts\u00e9ghat\u00e9konyan tudunk tekercses kivitel\u0171 \u00f6ntapad\u00f3 c\u00edmk\u00e9ket gy\u00e1rtani. A nyomtat\u00e1s UV ofszet-elj\u00e1r\u00e1ssal t\u00f6rt\u00e9nik, \u00edgy szebb, r\u00e9szletgazdagabb nyomatot \u00e1ll\u00edtunk el\u0151, illetve m\u00e1s nyomdai kivitelez\u00e9ssel ellent\u00e9tben, mi nyom\u00f3forma (polimer) k\u00f6lts\u00e9get nem sz\u00e1m\u00edtunk fel sz\u00f6vegv\u00e1ltoz\u00e1s eset\u00e9n. V\u00e1llaljuk kisebb dobozok gy\u00e1rt\u00e1s\u00e1t is. K\u00fcl\u00f6nb\u00f6z\u0151 fel\u00fcletnemes\u00edt\u00e9si elj\u00e1r\u00e1sokkal \u2013 szita- \u00e9s dombornyom\u00e1ssal, melegf\u00f3li\u00e1z\u00e1ssal (aranyoz\u00e1s stb.), extr\u00e9m form\u00e1k l\u00e9zerstancol\u00e1s\u00e1val \u2013 tudjuk egyediv\u00e9 tenni a c\u00edmk\u00e9ket.<\/p><p><br><\/p><p>Tudjon meg t\u00f6bbet:<\/p><p><br><\/p><p>Term\u00e9keink<\/p><p>Tekercses \u00f6ntapad\u00f3 c\u00edmk\u00e9k, term\u00e9kjel\u00f6l\u0151 c\u00edmk\u00e9k, borc\u00edmk\u00e9k, \u00fcvegc\u00edmk\u00e9k, nyomatlan c\u00edmk\u00e9k, kis m\u00e9ret\u0171 dobozok.<\/p><p><br><\/p><p>Nyomd\u00e1nk az ISO 9001:2015 nemzetk\u00f6zi szabv\u00e1nynak megfelel\u0151, audit\u00e1lt min\u0151s\u00e9gbiztos\u00edt\u00e1si rendszert m\u0171k\u00f6dtet.<\/p><p><br><\/p><p><br><\/p><p><br><\/p><p>G\u00e9ppark<\/p><p><br><\/p><p>El\u0151k\u00e9sz\u00edt\u00e9s<\/p><p>\u25aa.<span class=\"Apple-tab-span\" style=\"white-space:pre\">\t<\/span>1 db CTP Heidelberg Suprasetter 75&nbsp;<\/p><p><br><\/p><p><br><\/p><p>G\u00e9pterem<\/p><p>\u25aa.<span class=\"Apple-tab-span\" style=\"white-space:pre\">\t<\/span>Gallus TCS 250 tekercses c\u00edmkenyom\u00f3g\u00e9p<\/p><p>\u25aa.<span class=\"Apple-tab-span\" style=\"white-space:pre\">\t<\/span>Cartes GT 284 SHDL tekercses c\u00edmkenyom\u00f3g\u00e9p&nbsp;<\/p><p>\u25aa.<span class=\"Apple-tab-span\" style=\"white-space:pre\">\t<\/span>Omega SRI 330 \u00e1ttekercsel\u0151g\u00e9p<\/p><p><br><\/p><p><br><\/p><p><br><\/p><p><br><\/p><p><br><\/p><p><br><\/p><p><br><\/p><p><br><\/p><p><br><\/p><p><br><\/p><p><br><\/p>\t\t\t\t\t\t\t\t<\/div>\n\t\t\t\t<\/div>\n\t\t\t\t\t<\/div>\n\t\t<\/div>\n\t\t\t\t\t<\/div>\n\t\t<\/section>\n\t\t\t\t<\/div>\n\t\t","protected":false},"excerpt":{"rendered":"<p>03 Tekercses kivitelez\u00e9s info@yeloprint.hu +36-94\/505-990&nbsp; \u00daj, korszer\u0171 nyom\u00f3g\u00e9peinkkel gyorsan, nagyon j\u00f3 min\u0151s\u00e9gben \u00e9s k\u00f6lts\u00e9ghat\u00e9konyan tudunk tekercses kivitel\u0171 \u00f6ntapad\u00f3 c\u00edmk\u00e9ket gy\u00e1rtani. A nyomtat\u00e1s UV ofszet-elj\u00e1r\u00e1ssal t\u00f6rt\u00e9nik, \u00edgy szebb, r\u00e9szletgazdagabb nyomatot \u00e1ll\u00edtunk el\u0151, illetve m\u00e1s nyomdai kivitelez\u00e9ssel ellent\u00e9tben, mi nyom\u00f3forma (polimer) k\u00f6lts\u00e9get nem sz\u00e1m\u00edtunk fel sz\u00f6vegv\u00e1ltoz\u00e1s eset\u00e9n. V\u00e1llaljuk kisebb dobozok gy\u00e1rt\u00e1s\u00e1t is. K\u00fcl\u00f6nb\u00f6z\u0151 fel\u00fcletnemes\u00edt\u00e9si elj\u00e1r\u00e1sokkal \u2013 szita- [&hellip;]<\/p>\n","protected":false},"author":1,"featured_media":0,"parent":0,"menu_order":0,"comment_status":"closed","ping_status":"closed","template":"elementor_header_footer","meta":{"footnotes":""},"class_list":["post-335","page","type-page","status-publish","hentry"],"_links":{"self":[{"href":"https:\/\/yeloprint.hu\/dev\/index.php?rest_route=\/wp\/v2\/pages\/335","targetHints":{"allow":["GET"]}}],"collection":[{"href":"https:\/\/yeloprint.hu\/dev\/index.php?rest_route=\/wp\/v2\/pages"}],"about":[{"href":"https:\/\/yeloprint.hu\/dev\/index.php?rest_route=\/wp\/v2\/types\/page"}],"author":[{"embeddable":true,"href":"https:\/\/yeloprint.hu\/dev\/index.php?rest_route=\/wp\/v2\/users\/1"}],"replies":[{"embeddable":true,"href":"https:\/\/yeloprint.hu\/dev\/index.php?rest_route=%2Fwp%2Fv2%2Fcomments&post=335"}],"version-history":[{"count":3,"href":"https:\/\/yeloprint.hu\/dev\/index.php?rest_route=\/wp\/v2\/pages\/335\/revisions"}],"predecessor-version":[{"id":359,"href":"https:\/\/yeloprint.hu\/dev\/index.php?rest_route=\/wp\/v2\/pages\/335\/revisions\/359"}],"wp:attachment":[{"href":"https:\/\/yeloprint.hu\/dev\/index.php?rest_route=%2Fwp%2Fv2%2Fmedia&parent=335"}],"curies":[{"name":"wp","href":"https:\/\/api.w.org\/{rel}","templated":true}]}}