{"id":328,"date":"2020-04-28T12:43:33","date_gmt":"2020-04-28T12:43:33","guid":{"rendered":"https:\/\/yeloprint.hu\/dev\/?page_id=328"},"modified":"2020-05-04T09:24:56","modified_gmt":"2020-05-04T09:24:56","slug":"ives-kivitelezes","status":"publish","type":"page","link":"https:\/\/yeloprint.hu\/?page_id=328","title":{"rendered":"\u00cdves kivitelez\u00e9s"},"content":{"rendered":"\t\t<div data-elementor-type=\"wp-page\" data-elementor-id=\"328\" class=\"elementor elementor-328\" data-elementor-post-type=\"page\">\n\t\t\t\t\t\t<section class=\"elementor-section elementor-top-section elementor-element elementor-element-a27adde elementor-section-boxed elementor-section-height-default elementor-section-height-default\" data-id=\"a27adde\" data-element_type=\"section\" data-e-type=\"section\">\n\t\t\t\t\t\t<div class=\"elementor-container elementor-column-gap-default\">\n\t\t\t\t\t<div class=\"elementor-column elementor-col-100 elementor-top-column elementor-element elementor-element-f6195fa\" data-id=\"f6195fa\" data-element_type=\"column\" data-e-type=\"column\">\n\t\t\t<div class=\"elementor-widget-wrap elementor-element-populated\">\n\t\t\t\t\t\t<div class=\"elementor-element elementor-element-27232b6 elementor-widget elementor-widget-text-editor\" data-id=\"27232b6\" data-element_type=\"widget\" data-e-type=\"widget\" data-widget_type=\"text-editor.default\">\n\t\t\t\t<div class=\"elementor-widget-container\">\n\t\t\t\t\t\t\t\t\t<p>2000 \u00f3ta volt id\u0151nk megtanulni, hogy melyek azok a nyomtat\u00e1si folyamatok, amelyekkel az \u00d6n nyomdaterm\u00e9ke a lehet\u0151 legjobb min\u0151s\u00e9g\u0171 lesz. Az\u00e9rt vannak a korszer\u0171 Heidelberg nyomdag\u00e9peink, v\u00e1g\u00f3 \u00e9s hajtogat\u00f3 berendez\u00e9seink, hogy minden kreat\u00edv elk\u00e9pzel\u00e9st megval\u00f3s\u00edtsunk. Van fot\u00f3- \u00e9s grafikai st\u00fadi\u00f3nk, \u00edgy v\u00e1llaljuk a nyomdaterm\u00e9kek tervez\u00e9s\u00e9t, t\u00f6rdel\u00e9s\u00e9t, nyomdai el\u0151k\u00e9sz\u00edt\u00e9s\u00e9t \u00e9s kivitelez\u00e9s\u00e9t, az \u00f6tlett\u0151l a k\u00e9sz term\u00e9kig.<\/p><p><br><\/p><p>Tudjon meg t\u00f6bbet:<\/p><p><br><\/p><p>Term\u00e9keink<\/p><p>C\u00edmke, n\u00e9vjegy, megh\u00edv\u00f3, sz\u00f3r\u00f3lap, mappa, leporell\u00f3, dosszi\u00e9, napt\u00e1r, \u00fajs\u00e1g, prospektus, turisztikai kiadv\u00e1ny, kereskedelmi \u00e9s m\u0171v\u00e9szeti katal\u00f3gus, ragaszt\u00f3k\u00f6t\u00f6tt \u00e9s kem\u00e9nyt\u00e1bl\u00e1s k\u00f6nyv, plak\u00e1t (B2-es m\u00e9retig), \u00fcgyviteli nyomtatv\u00e1ny, ipari csomagol\u00f3anyag, faltkarton doboz 1 pontos ragaszt\u00e1ssal.<\/p><p><br><\/p><p>Nyomd\u00e1nk az ISO 9001:2015 nemzetk\u00f6zi szabv\u00e1nynak megfelel\u0151, audit\u00e1lt min\u0151s\u00e9gbiztos\u00edt\u00e1si rendszert m\u0171k\u00f6dtet.<\/p><p><br><\/p><p><br><\/p><p>G\u00e9ppark<\/p><p><br><\/p><p>El\u0151k\u00e9sz\u00edt\u00e9s<\/p><p>\u25aa.<span class=\"Apple-tab-span\" style=\"white-space:pre\">\t<\/span>1 db CTP Heidelberg Suprasetter 75&nbsp;<\/p><p><br><\/p><p>Nyom\u00f3g\u00e9pek<\/p><p>\u25aa.<span class=\"Apple-tab-span\" style=\"white-space:pre\">\t<\/span>1 db Heidelberg PM74, 2 sz\u00ednes B\/2-es ofszet-nyom\u00f3g\u00e9p<\/p><p>\u25aa.<span class=\"Apple-tab-span\" style=\"white-space:pre\">\t<\/span>1 db Heidelberg SM74, 4 sz\u00ednes B\/2-es ofszet-nyom\u00f3g\u00e9p<\/p><p>\u25aa.<span class=\"Apple-tab-span\" style=\"white-space:pre\">\t<\/span>1 db Xerox Colour 1000 Press digit\u00e1lis nyomtat\u00f3<\/p><p><br><\/p><p>K\u00f6t\u00e9szet<\/p><p>\u25aa.<span class=\"Apple-tab-span\" style=\"white-space:pre\">\t<\/span>1 db Thiesen &amp; Bonitz gy\u0171jt\u0151f\u0171z\u0151 g\u00e9psor&nbsp;<\/p><p>\u25aa.<span class=\"Apple-tab-span\" style=\"white-space:pre\">\t<\/span>1 db Heidelberg ST 100.2 irkaf\u0171z\u0151 g\u00e9psor<\/p><p>\u25aa.<span class=\"Apple-tab-span\" style=\"white-space:pre\">\t<\/span>1 db Stahl B\/2-es, 4 t\u00e1sk\u00e1s, 2 kereszthajt\u00e1sos hajtogat\u00f3g\u00e9p<\/p><p>\u25aa.<span class=\"Apple-tab-span\" style=\"white-space:pre\">\t<\/span>2 db Pol\u00e1r 78 programozhat\u00f3 egyenes-v\u00e1g\u00f3g\u00e9p<\/p><p>\u25aa.<span class=\"Apple-tab-span\" style=\"white-space:pre\">\t<\/span>1 db melegf\u00f3li\u00e1z\u00f3 g\u00e9p<\/p><p>\u25aa.<span class=\"Apple-tab-span\" style=\"white-space:pre\">\t<\/span>2 db hidrostancg\u00e9p&nbsp;<\/p><p>\u25aa.<span class=\"Apple-tab-span\" style=\"white-space:pre\">\t<\/span>1 db zsugorf\u00f3li\u00e1z\u00f3<\/p><div><br><\/div>\t\t\t\t\t\t\t\t<\/div>\n\t\t\t\t<\/div>\n\t\t\t\t\t<\/div>\n\t\t<\/div>\n\t\t\t\t\t<\/div>\n\t\t<\/section>\n\t\t\t\t<\/div>\n\t\t","protected":false},"excerpt":{"rendered":"<p>2000 \u00f3ta volt id\u0151nk megtanulni, hogy melyek azok a nyomtat\u00e1si folyamatok, amelyekkel az \u00d6n nyomdaterm\u00e9ke a lehet\u0151 legjobb min\u0151s\u00e9g\u0171 lesz. Az\u00e9rt vannak a korszer\u0171 Heidelberg nyomdag\u00e9peink, v\u00e1g\u00f3 \u00e9s hajtogat\u00f3 berendez\u00e9seink, hogy minden kreat\u00edv elk\u00e9pzel\u00e9st megval\u00f3s\u00edtsunk. Van fot\u00f3- \u00e9s grafikai st\u00fadi\u00f3nk, \u00edgy v\u00e1llaljuk a nyomdaterm\u00e9kek tervez\u00e9s\u00e9t, t\u00f6rdel\u00e9s\u00e9t, nyomdai el\u0151k\u00e9sz\u00edt\u00e9s\u00e9t \u00e9s kivitelez\u00e9s\u00e9t, az \u00f6tlett\u0151l a k\u00e9sz term\u00e9kig. [&hellip;]<\/p>\n","protected":false},"author":1,"featured_media":0,"parent":0,"menu_order":0,"comment_status":"closed","ping_status":"closed","template":"elementor_header_footer","meta":{"footnotes":""},"class_list":["post-328","page","type-page","status-publish","hentry"],"_links":{"self":[{"href":"https:\/\/yeloprint.hu\/index.php?rest_route=\/wp\/v2\/pages\/328","targetHints":{"allow":["GET"]}}],"collection":[{"href":"https:\/\/yeloprint.hu\/index.php?rest_route=\/wp\/v2\/pages"}],"about":[{"href":"https:\/\/yeloprint.hu\/index.php?rest_route=\/wp\/v2\/types\/page"}],"author":[{"embeddable":true,"href":"https:\/\/yeloprint.hu\/index.php?rest_route=\/wp\/v2\/users\/1"}],"replies":[{"embeddable":true,"href":"https:\/\/yeloprint.hu\/index.php?rest_route=%2Fwp%2Fv2%2Fcomments&post=328"}],"version-history":[{"count":2,"href":"https:\/\/yeloprint.hu\/index.php?rest_route=\/wp\/v2\/pages\/328\/revisions"}],"predecessor-version":[{"id":358,"href":"https:\/\/yeloprint.hu\/index.php?rest_route=\/wp\/v2\/pages\/328\/revisions\/358"}],"wp:attachment":[{"href":"https:\/\/yeloprint.hu\/index.php?rest_route=%2Fwp%2Fv2%2Fmedia&parent=328"}],"curies":[{"name":"wp","href":"https:\/\/api.w.org\/{rel}","templated":true}]}}