{"id":330,"date":"2020-04-28T12:43:58","date_gmt":"2020-04-28T12:43:58","guid":{"rendered":"https:\/\/yeloprint.hu\/dev\/?page_id=330"},"modified":"2023-06-17T23:15:40","modified_gmt":"2023-06-17T21:15:40","slug":"kapcsolat","status":"publish","type":"page","link":"https:\/\/yeloprint.hu\/?page_id=330","title":{"rendered":"Kapcsolat"},"content":{"rendered":"\t\t<div data-elementor-type=\"wp-post\" data-elementor-id=\"330\" class=\"elementor elementor-330\" data-elementor-post-type=\"page\">\n\t\t\t\t\t\t<section class=\"elementor-section elementor-top-section elementor-element elementor-element-286bbd4 elementor-section-boxed elementor-section-height-default elementor-section-height-default\" data-id=\"286bbd4\" data-element_type=\"section\" data-e-type=\"section\">\n\t\t\t\t\t\t<div class=\"elementor-container elementor-column-gap-default\">\n\t\t\t\t\t<div class=\"elementor-column elementor-col-100 elementor-top-column elementor-element elementor-element-e1d0e32\" data-id=\"e1d0e32\" data-element_type=\"column\" data-e-type=\"column\">\n\t\t\t<div class=\"elementor-widget-wrap elementor-element-populated\">\n\t\t\t\t\t\t<div class=\"elementor-element elementor-element-f2e2649 elementor-widget elementor-widget-text-editor\" data-id=\"f2e2649\" data-element_type=\"widget\" data-e-type=\"widget\" data-widget_type=\"text-editor.default\">\n\t\t\t\t<div class=\"elementor-widget-container\">\n\t\t\t\t\t\t\t\t\t<p><span style=\"font-size: 1rem;\">+36-94\/505-990<\/span><\/p><p>\u00a0<\/p><p>\u2022 Yeloprint Kft., 9700 Szombathely, G\u00e9fin Gyula u. 11\u201313.\u00a0<\/p><p>\u2022 Tel.: +36-94\/505-990 Fax: +36-94\/505-991<\/p><p>\u2022 E-mail:\u00a0<span style=\"font-size: 1rem;\">yeloprint@yeloprint.hu<\/span><\/p><p>\u2022 Nyitvatart\u00e1s: H\u00e9tf\u0151\u2013p\u00e9ntek: 7.30\u201316.00<\/p><p>\u00a0<\/p><p>\u2022 C\u00e9gjegyz\u00e9ksz\u00e1m: 18-09-104364<\/p><p>\u2022 Ad\u00f3sz\u00e1m: 12512766-2-18<\/p><p>\u2022 UID: HU12512766<\/p><p>\u00a0<\/p><p>Munkat\u00e1rsak<\/p><p>\u00a0<\/p><p>D\u00e1vid P\u00e9ter \u00fcgyvezet\u0151, Lobler Ferenc \u00fcgyvezet\u0151\u00a0<\/p><p>Tel.: +36-94\/505-990<\/p><p>\u00a0<\/p><p><span style=\"font-size: 1rem;\">Morvai Edina marketing-\u00e9rt\u00e9kes\u00edt\u00e9s<\/span><\/p><p>Tel.: +36-20\/940-2811<span style=\"font-size: 1rem;\"><br \/><\/span><\/p><p>E-mail: morvai.edina@yeloprint.hu<\/p><p>\u00a0<\/p><p>Horv\u00e1th Judit nyomdavezet\u0151\u00a0<\/p><p>Tel.: +36-30\/491-8617\u00a0<\/p><p>E-mail: horvath.judit@yeloprint.hu\u00a0<\/p><p>Varg\u00e1n\u00e9 N\u00e9meth Be\u00e1ta tekercses-nyomda\u00fczem vezet\u0151<\/p><p>Tel.: +36-30\/298-3250<\/p><p>E-mail: nemeth.beata@yeloprint.hu<\/p>\t\t\t\t\t\t\t\t<\/div>\n\t\t\t\t<\/div>\n\t\t\t\t\t<\/div>\n\t\t<\/div>\n\t\t\t\t\t<\/div>\n\t\t<\/section>\n\t\t\t\t<\/div>\n\t\t","protected":false},"excerpt":{"rendered":"<p>+36-94\/505-990 \u00a0 \u2022 Yeloprint Kft., 9700 Szombathely, G\u00e9fin Gyula u. 11\u201313.\u00a0 \u2022 Tel.: +36-94\/505-990 Fax: +36-94\/505-991 \u2022 E-mail:\u00a0yeloprint@yeloprint.hu \u2022 Nyitvatart\u00e1s: H\u00e9tf\u0151\u2013p\u00e9ntek: 7.30\u201316.00 \u00a0 \u2022 C\u00e9gjegyz\u00e9ksz\u00e1m: 18-09-104364 \u2022 Ad\u00f3sz\u00e1m: 12512766-2-18 \u2022 UID: HU12512766 \u00a0 Munkat\u00e1rsak \u00a0 D\u00e1vid P\u00e9ter \u00fcgyvezet\u0151, Lobler Ferenc \u00fcgyvezet\u0151\u00a0 Tel.: +36-94\/505-990 \u00a0 Morvai Edina marketing-\u00e9rt\u00e9kes\u00edt\u00e9s Tel.: +36-20\/940-2811 E-mail: morvai.edina@yeloprint.hu \u00a0 Horv\u00e1th Judit nyomdavezet\u0151\u00a0 [&hellip;]<\/p>\n","protected":false},"author":1,"featured_media":0,"parent":0,"menu_order":0,"comment_status":"closed","ping_status":"closed","template":"elementor_header_footer","meta":{"footnotes":""},"class_list":["post-330","page","type-page","status-publish","hentry"],"_links":{"self":[{"href":"https:\/\/yeloprint.hu\/index.php?rest_route=\/wp\/v2\/pages\/330","targetHints":{"allow":["GET"]}}],"collection":[{"href":"https:\/\/yeloprint.hu\/index.php?rest_route=\/wp\/v2\/pages"}],"about":[{"href":"https:\/\/yeloprint.hu\/index.php?rest_route=\/wp\/v2\/types\/page"}],"author":[{"embeddable":true,"href":"https:\/\/yeloprint.hu\/index.php?rest_route=\/wp\/v2\/users\/1"}],"replies":[{"embeddable":true,"href":"https:\/\/yeloprint.hu\/index.php?rest_route=%2Fwp%2Fv2%2Fcomments&post=330"}],"version-history":[{"count":10,"href":"https:\/\/yeloprint.hu\/index.php?rest_route=\/wp\/v2\/pages\/330\/revisions"}],"predecessor-version":[{"id":438,"href":"https:\/\/yeloprint.hu\/index.php?rest_route=\/wp\/v2\/pages\/330\/revisions\/438"}],"wp:attachment":[{"href":"https:\/\/yeloprint.hu\/index.php?rest_route=%2Fwp%2Fv2%2Fmedia&parent=330"}],"curies":[{"name":"wp","href":"https:\/\/api.w.org\/{rel}","templated":true}]}}